{"id":179,"date":"2018-10-25T13:05:52","date_gmt":"2018-10-25T13:05:52","guid":{"rendered":"http:\/\/cristianmartin.es\/?page_id=179"},"modified":"2024-04-07T21:05:24","modified_gmt":"2024-04-07T19:05:24","slug":"biografia","status":"publish","type":"page","link":"http:\/\/cristianmartin.es\/?page_id=179","title":{"rendered":"Biograf\u00eda"},"content":{"rendered":"<p>[et_pb_section fb_built=\u00bb1&#8243; specialty=\u00bbon\u00bb background_size_2=\u00bbcontain\u00bb background_repeat_2=\u00bbno-repeat\u00bb _builder_version=\u00bb3.22&#8243; background_color=\u00bb#000000&#8243; background_image=\u00bbhttp:\/\/cristianmartin.es\/wp-content\/uploads\/2018\/10\/Ser-Cristian2.jpg\u00bb background_size=\u00bbcontain\u00bb background_position=\u00bbbottom_center\u00bb custom_padding=\u00bb26px|0|0|0|false|false\u00bb animation_style=\u00bbzoom\u00bb animation_intensity_zoom=\u00bb2%\u00bb][et_pb_column type=\u00bb1_2&#8243; specialty_columns=\u00bb3&#8243; _builder_version=\u00bb3.25&#8243; custom_padding=\u00bb|||\u00bb parallax__hover=\u00bboff\u00bb parallax_method__hover=\u00bbon\u00bb custom_padding__hover=\u00bb|||\u00bb][et_pb_row_inner admin_label=\u00bbFila\u00bb _builder_version=\u00bb3.25&#8243; custom_padding=\u00bb0|0|0|0|false|false\u00bb][et_pb_column_inner saved_specialty_column_type=\u00bb1_2&#8243; _builder_version=\u00bb3.25&#8243; custom_padding=\u00bb|||\u00bb parallax__hover=\u00bboff\u00bb parallax_method__hover=\u00bbon\u00bb custom_padding__hover=\u00bb|||\u00bb][et_pb_text admin_label=\u00bbTitle\u00bb _builder_version=\u00bb4.6.6&#8243; text_font=\u00bbQuicksand||||||||\u00bb text_text_color=\u00bb#000000&#8243; text_font_size=\u00bb16px\u00bb text_line_height=\u00bb1.9em\u00bb header_font=\u00bbQuicksand||||||||\u00bb header_text_align=\u00bbjustify\u00bb header_2_font=\u00bbQuicksand|300|||||||\u00bb header_2_text_align=\u00bbleft\u00bb header_2_font_size=\u00bb42px\u00bb header_2_line_height=\u00bb1.3em\u00bb background_color=\u00bb#f7f7f7&#8243; background_size=\u00bbinitial\u00bb background_position=\u00bbtop_left\u00bb background_repeat=\u00bbrepeat\u00bb text_orientation=\u00bbjustified\u00bb max_width=\u00bb700px\u00bb module_alignment=\u00bbcenter\u00bb custom_margin=\u00bb|||\u00bb custom_padding=\u00bb7%|7%|7%|7%\u00bb animation_style=\u00bbslide\u00bb animation_direction=\u00bbbottom\u00bb animation_intensity_slide=\u00bb4%\u00bb animation_starting_opacity=\u00bb100%\u00bb box_shadow_style=\u00bbpreset1&#8243; box_shadow_vertical=\u00bb15px\u00bb box_shadow_blur=\u00bb45px\u00bb box_shadow_color=\u00bbrgba(0,0,0,0.15)\u00bb]<\/p>\n<h2 style=\"text-align: justify;\">CRISTIAN MART\u00cdN<\/h2>\n<p>Miembro de la Academia de las Artes Esc\u00e9nicas de Espa\u00f1a y Andaluc\u00eda, este experimentado bailar\u00edn y core\u00f3grafo naci\u00f3 en \u00c1vila en 1985. Su formaci\u00f3n y versatilidad danc\u00edsticas son amplias y heterog\u00e9neas, siendo uno de los int\u00e9rpretes con mayor proyecci\u00f3n de la escena nacional.<\/p>\n<p>Comienza su trayectoria profesional de la mano del Maestro Granero y colabora como artista invitado en las compa\u00f1\u00edas de Teresa Nieto o Manuel Li\u00f1\u00e1n, entre otras.<\/p>\n<p>Desde el a\u00f1o 2009 es colaborador habitual, repetidor y bailar\u00edn invitado de DDCDanza &#8211; Daniel Do\u00f1a.<\/p>\n<p>Es director de su propia agrupaci\u00f3n, Proyecto Lanza, desde el a\u00f1o 2018, con la que ha desarrollado distintos trabajos coreogr\u00e1ficos con el fin de consolidar un lenguaje danc\u00edstico propio y exento de etiquetas, siendo reconocido con numerosos premios a lo largo de su trayectoria.<\/p>\n<p>En 2021, junto al core\u00f3grafo Daniel Do\u00f1a crea la compa\u00f1\u00eda LA ITINERANTE con sede en Granada, con la finalidad de dar cabida a nuevos talentos emergentes de la propia provincia, generando, adem\u00e1s de distintos trabajos coreogr\u00e1ficos, actividades de proximidad cultural que acerquen el hecho esc\u00e9nico a un p\u00fablico mayoritario.<\/p>\n<p>A partir de 2023 es maestro repetidor y ayudante de coreograf\u00eda de DDCDanza &#8211; Daniel Do\u00f1a para el espect\u00e1culo flamenco de Shima Spain Village de Jap\u00f3n.<\/p>\n<p style=\"text-align: justify;\"><b>RECONOCIMIENTOS Y PREMIOS<\/b><\/p>\n<p>Premio Lorca de la Academia de las Artes Esc\u00e9nicas de Andaluc\u00eda 2024 como mejor int\u00e9rprete masculino de danza.<\/p>\n<p>Premio Lorca de la Academia de las Artes Esc\u00e9nicas de Analuc\u00eda 2024 como mejor espect\u00e1culo de danza por \u201cACTO I. Lugar de encuentro\u201d.<\/p>\n<p>Finalista Premios Tal\u00eda de la Academia de las Artes Esc\u00e9nicas de Espa\u00f1a 2023 a mejor coreograf\u00eda con el elenco de \u201cEntre hilos y huesos\u201d de DDCDanza &#8211; Daniel Do\u00f1a.<\/p>\n<p>Finalista premios PAD de Andaluc\u00eda 2023 como mejor int\u00e9rprete de danza por su espect\u00e1culo \u201cACTO I. Lugar de encuentro\u201d.<\/p>\n<p>Finalista a los Premios Max de las Artes Esc\u00e9nicas 2022 a mejor coreograf\u00eda elenco \u201cEntre hilos y huesos\u201d de DDCDanza &#8211; Daniel Do\u00f1a.<\/p>\n<p>Premio AISGE al bailar\u00edn sobresaliente en el Certamen de Coreograf\u00eda de Danza Espa\u00f1ola y Flamenco de Madrid 2009.<\/p>\n<p>Primer Premio de Coreograf\u00eda de Solo en 2015 en el Certamen de Coreograf\u00eda de Danza Espa\u00f1ola y Flamenco de Madrid.<\/p>\n<p>Nominado a los Premios Max de las Artes Esc\u00e9nicas como Mejor Int\u00e9rprete Masculino de Danza y Mejor Espect\u00e1culo de Danza por sus obras \u201cSER\u201d 2018 y \u201cM\u00c1RGENES\u201d 2020 y 2021, respectivamente.<\/p>\n<p>[\/et_pb_text][\/et_pb_column_inner][\/et_pb_row_inner][\/et_pb_column][et_pb_column type=\u00bb1_2&#8243; _builder_version=\u00bb3.25&#8243; background_size=\u00bbcontain\u00bb custom_padding=\u00bb|||\u00bb parallax__hover=\u00bboff\u00bb parallax_method__hover=\u00bbon\u00bb background_size__hover=\u00bbcontain\u00bb background_repeat__hover=\u00bbno-repeat\u00bb custom_padding__hover=\u00bb|||\u00bb][\/et_pb_column][\/et_pb_section]<\/p>\n","protected":false},"excerpt":{"rendered":"<p>[et_pb_section fb_built=\u00bb1&#8243; specialty=\u00bbon\u00bb background_size_2=\u00bbcontain\u00bb background_repeat_2=\u00bbno-repeat\u00bb _builder_version=\u00bb3.22&#8243; background_color=\u00bb#000000&#8243; background_image=\u00bbhttp:\/\/cristianmartin.es\/wp-content\/uploads\/2018\/10\/Ser-Cristian2.jpg\u00bb background_size=\u00bbcontain\u00bb background_position=\u00bbbottom_center\u00bb custom_padding=\u00bb26px|0|0|0|false|false\u00bb animation_style=\u00bbzoom\u00bb animation_intensity_zoom=\u00bb2%\u00bb][et_pb_column type=\u00bb1_2&#8243; specialty_columns=\u00bb3&#8243; _builder_version=\u00bb3.25&#8243; custom_padding=\u00bb|||\u00bb parallax__hover=\u00bboff\u00bb parallax_method__hover=\u00bbon\u00bb custom_padding__hover=\u00bb|||\u00bb][et_pb_row_inner admin_label=\u00bbFila\u00bb _builder_version=\u00bb3.25&#8243; custom_padding=\u00bb0|0|0|0|false|false\u00bb][et_pb_column_inner saved_specialty_column_type=\u00bb1_2&#8243; _builder_version=\u00bb3.25&#8243; custom_padding=\u00bb|||\u00bb parallax__hover=\u00bboff\u00bb parallax_method__hover=\u00bbon\u00bb custom_padding__hover=\u00bb|||\u00bb][et_pb_text admin_label=\u00bbTitle\u00bb _builder_version=\u00bb4.6.6&#8243; text_font=\u00bbQuicksand||||||||\u00bb text_text_color=\u00bb#000000&#8243; text_font_size=\u00bb16px\u00bb text_line_height=\u00bb1.9em\u00bb header_font=\u00bbQuicksand||||||||\u00bb header_text_align=\u00bbjustify\u00bb header_2_font=\u00bbQuicksand|300|||||||\u00bb header_2_text_align=\u00bbleft\u00bb header_2_font_size=\u00bb42px\u00bb header_2_line_height=\u00bb1.3em\u00bb background_color=\u00bb#f7f7f7&#8243; background_size=\u00bbinitial\u00bb background_position=\u00bbtop_left\u00bb background_repeat=\u00bbrepeat\u00bb text_orientation=\u00bbjustified\u00bb max_width=\u00bb700px\u00bb module_alignment=\u00bbcenter\u00bb custom_margin=\u00bb|||\u00bb custom_padding=\u00bb7%|7%|7%|7%\u00bb animation_style=\u00bbslide\u00bb animation_direction=\u00bbbottom\u00bb animation_intensity_slide=\u00bb4%\u00bb animation_starting_opacity=\u00bb100%\u00bb box_shadow_style=\u00bbpreset1&#8243; [&hellip;]<\/p>\n","protected":false},"author":1,"featured_media":0,"parent":0,"menu_order":0,"comment_status":"closed","ping_status":"closed","template":"","meta":{"_et_pb_use_builder":"on","_et_pb_old_content":"","_et_gb_content_width":"","footnotes":""},"class_list":["post-179","page","type-page","status-publish","hentry"],"_links":{"self":[{"href":"http:\/\/cristianmartin.es\/index.php?rest_route=\/wp\/v2\/pages\/179","targetHints":{"allow":["GET"]}}],"collection":[{"href":"http:\/\/cristianmartin.es\/index.php?rest_route=\/wp\/v2\/pages"}],"about":[{"href":"http:\/\/cristianmartin.es\/index.php?rest_route=\/wp\/v2\/types\/page"}],"author":[{"embeddable":true,"href":"http:\/\/cristianmartin.es\/index.php?rest_route=\/wp\/v2\/users\/1"}],"replies":[{"embeddable":true,"href":"http:\/\/cristianmartin.es\/index.php?rest_route=%2Fwp%2Fv2%2Fcomments&post=179"}],"version-history":[{"count":104,"href":"http:\/\/cristianmartin.es\/index.php?rest_route=\/wp\/v2\/pages\/179\/revisions"}],"predecessor-version":[{"id":981,"href":"http:\/\/cristianmartin.es\/index.php?rest_route=\/wp\/v2\/pages\/179\/revisions\/981"}],"wp:attachment":[{"href":"http:\/\/cristianmartin.es\/index.php?rest_route=%2Fwp%2Fv2%2Fmedia&parent=179"}],"curies":[{"name":"wp","href":"https:\/\/api.w.org\/{rel}","templated":true}]}}