{"id":524,"date":"2018-10-25T13:05:52","date_gmt":"2018-10-25T13:05:52","guid":{"rendered":"http:\/\/cristianmartin.es\/biografia\/?lang=en"},"modified":"2018-10-30T00:43:00","modified_gmt":"2018-10-30T00:43:00","slug":"biography","status":"publish","type":"page","link":"http:\/\/cristianmartin.es\/?page_id=524","title":{"rendered":"Biography"},"content":{"rendered":"<p>[et_pb_section bb_built=\u00bb1&#8243; specialty=\u00bbon\u00bb background_size_2=\u00bbcontain\u00bb background_repeat_2=\u00bbno-repeat\u00bb _builder_version=\u00bb3.17.2&#8243; background_color=\u00bb#000000&#8243; background_image=\u00bbhttp:\/\/cristianmartin.es\/wp-content\/uploads\/2018\/10\/Ser-Cristian2.jpg\u00bb background_size=\u00bbcontain\u00bb background_position=\u00bbbottom_center\u00bb custom_padding=\u00bb26px|0|0|0|false|false\u00bb animation_style=\u00bbzoom\u00bb animation_intensity_zoom=\u00bb2%\u00bb][et_pb_column type=\u00bb1_2&#8243; specialty_columns=\u00bb3&#8243;][et_pb_row_inner admin_label=\u00bbFila\u00bb custom_padding=\u00bb0|0|0|0|false|false\u00bb _builder_version=\u00bb3.17.2&#8243;][et_pb_column_inner type=\u00bb4_4&#8243; saved_specialty_column_type=\u00bb1_2&#8243;][et_pb_text admin_label=\u00bbTitle\u00bb _builder_version=\u00bb3.17.2&#8243; text_font=\u00bbQuicksand||||||||\u00bb text_text_color=\u00bb#000000&#8243; text_font_size=\u00bb16px\u00bb text_line_height=\u00bb1.9em\u00bb header_font=\u00bbQuicksand||||||||\u00bb header_text_align=\u00bbjustify\u00bb header_2_font=\u00bbQuicksand|300|||||||\u00bb header_2_text_align=\u00bbleft\u00bb header_2_font_size=\u00bb42px\u00bb header_2_line_height=\u00bb1.3em\u00bb background_color=\u00bb#f7f7f7&#8243; background_size=\u00bbinitial\u00bb background_position=\u00bbtop_left\u00bb background_repeat=\u00bbrepeat\u00bb box_shadow_style=\u00bbpreset1&#8243; box_shadow_vertical=\u00bb15px\u00bb box_shadow_blur=\u00bb45px\u00bb box_shadow_color=\u00bbrgba(0,0,0,0.15)\u00bb text_orientation=\u00bbjustified\u00bb max_width=\u00bb700px\u00bb module_alignment=\u00bbcenter\u00bb custom_margin=\u00bb|||\u00bb custom_padding=\u00bb7%|7%|7%|7%\u00bb animation_style=\u00bbslide\u00bb animation_direction=\u00bbbottom\u00bb animation_intensity_slide=\u00bb4%\u00bb animation_starting_opacity=\u00bb100%\u00bb]<\/p>\n<h2 style=\"text-align: justify;\">CRISTIAN MART\u00cdN<\/h2>\n<p style=\"text-align: justify;\">This experienced dancer and creator<strong> is one of the most promising talents on the national and international scene<\/strong>. His dance training is diverse and extensive, bringing an impressive versatility and range to his dancing. He studied classical ballet, Spanish dance, flamenco and contemporary movement and choreographic approaches. He is a graduate from Real Conservatorio de Danza, Madrid.<span class=\"Apple-converted-space\">\u00a0<\/span><\/p>\n<p style=\"text-align: justify;\">His professional career began with the renowned\u00a0<i>maestro <\/i>Granero. He went on to become soloist in the most important companies in Spain in Spanish dance, flamenco, classical ballet and contemporary dance.<span class=\"Apple-converted-space\">\u00a0<\/span><\/p>\n<p style=\"text-align: justify;\">He was guest artist in National Dance prize winner Teresa Nieto\u2019s company, for the productions <i>\u201cTacita a Tacita\u201d <\/i>2010, <i>\u201cPolos Opuestos\u201d<\/i> 2012, <i>\u201cSolos, pero bien acompa\u00f1ados\u201d<\/i> 2016, as well as for flamenco dancer\/choreographer Manuel Li\u00f1an\u2019s productions <i>\u201cTauro,\u201d <\/i>2011 and <i>\u201cREW\u201d<\/i> 2012, which was co-directed and co-choreographed by Daniel Do\u00f1a.<span class=\"Apple-converted-space\">\u00a0<\/span><\/p>\n<p style=\"text-align: justify;\">Since 2009 he has been<span class=\"Apple-converted-space\">\u00a0 <\/span>resident collaborator, repetiteur and guest dancer for Daniel Do\u00f1a Dance Company in all of his productions, (<i>\u201cIntermitente\u201d <\/i>2009, <i>\u201cA Pie\u201d<\/i> 2011, <i>\u201cA Pie de la Calle\u201d<\/i>\u00a02013, <i>\u201cBlack Box\u201d<\/i> 2014, <i>\u201cNo Pausa\u201d <\/i>2015, <i>\u201cNada Personal\u201d<\/i> and <i>\u201cHabitat\u201d<\/i> 2016, <i>\u201cRetrospectiva 2.0\u201d<\/i> 2017 and<i> \u201cPsique\u201d <\/i>2018\u201d) leading him to perform in some of the most relevant national and international dance festivals, including among others: <i>Bienal de Flamenco<\/i>, Seville, <i>Festival de Jerez, <\/i>International Dance Festival<i> Madrid en Danza, Mercats de les Flors, Masdanza, Trayectos, Fira T\u00e1rrega, <span class=\"Apple-converted-space\">\u00a0 <\/span>Festival<span class=\"Apple-converted-space\">\u00a0 <\/span>Tanzhaus \u2013 NRW Flamenco <\/i>in D\u00fcsseldorf, <i>Festival Iberoamericano, Festival Ib\u00e9rica Contempor\u00e1nea, Festival Leipzig <\/i>and<i> Danza Xix\u00f3n.<span class=\"Apple-converted-space\">\u00a0<\/span><\/i><\/p>\n<p style=\"text-align: justify;\">In 2018 he premiered his first solo work, <i>\u201cS E R\u201d<\/i> as part of the international dance festival <i>Madrid en Danza<\/i>.<\/p>\n<p style=\"text-align: justify;\"><strong>AWARDS<span class=\"Apple-converted-space\">\u00a0<\/span><\/strong><\/p>\n<p style=\"text-align: justify;\"><strong>AISGE Award for Outstanding Dancer for Daniel Do\u00f1a\u2019s work <i>\u201cIntermitente,<\/i>\u201d as part of the Flamenco and Spanish Dance Choreography Competition, Madrid, in 2009.<span class=\"Apple-converted-space\">\u00a0<\/span><\/strong><\/p>\n<p style=\"text-align: justify;\"><strong>First Choreography Prize for the solo work <i>\u201cMateria,\u201d <\/i>in the Flamenco and Spanish Dance Choreography Competition, Madrid, in 2015.<span class=\"Apple-converted-space\">\u00a0<\/span><\/strong><\/p>\n<p style=\"text-align: justify;\"><strong>Finalist for the Max Awards for the Performing Arts in 2017, as best dancer and best performance company for <i>\u201cHabitat\u201d<\/i> by Daniel Do\u00f1a Dance Company.<\/strong><\/p>\n<p>[\/et_pb_text][\/et_pb_column_inner][\/et_pb_row_inner][\/et_pb_column][et_pb_column type=\u00bb1_2&#8243;][\/et_pb_column][\/et_pb_section]<\/p>\n","protected":false},"excerpt":{"rendered":"<p>[et_pb_section bb_built=\u00bb1&#8243; specialty=\u00bbon\u00bb background_size_2=\u00bbcontain\u00bb background_repeat_2=\u00bbno-repeat\u00bb _builder_version=\u00bb3.17.2&#8243; background_color=\u00bb#000000&#8243; background_image=\u00bbhttp:\/\/cristianmartin.es\/wp-content\/uploads\/2018\/10\/Ser-Cristian2.jpg\u00bb background_size=\u00bbcontain\u00bb background_position=\u00bbbottom_center\u00bb custom_padding=\u00bb26px|0|0|0|false|false\u00bb animation_style=\u00bbzoom\u00bb animation_intensity_zoom=\u00bb2%\u00bb][et_pb_column type=\u00bb1_2&#8243; specialty_columns=\u00bb3&#8243;][et_pb_row_inner admin_label=\u00bbFila\u00bb custom_padding=\u00bb0|0|0|0|false|false\u00bb _builder_version=\u00bb3.17.2&#8243;][et_pb_column_inner type=\u00bb4_4&#8243; saved_specialty_column_type=\u00bb1_2&#8243;][et_pb_text admin_label=\u00bbTitle\u00bb _builder_version=\u00bb3.17.2&#8243; text_font=\u00bbQuicksand||||||||\u00bb text_text_color=\u00bb#000000&#8243; text_font_size=\u00bb16px\u00bb text_line_height=\u00bb1.9em\u00bb header_font=\u00bbQuicksand||||||||\u00bb header_text_align=\u00bbjustify\u00bb header_2_font=\u00bbQuicksand|300|||||||\u00bb header_2_text_align=\u00bbleft\u00bb header_2_font_size=\u00bb42px\u00bb header_2_line_height=\u00bb1.3em\u00bb background_color=\u00bb#f7f7f7&#8243; background_size=\u00bbinitial\u00bb background_position=\u00bbtop_left\u00bb background_repeat=\u00bbrepeat\u00bb box_shadow_style=\u00bbpreset1&#8243; box_shadow_vertical=\u00bb15px\u00bb box_shadow_blur=\u00bb45px\u00bb box_shadow_color=\u00bbrgba(0,0,0,0.15)\u00bb text_orientation=\u00bbjustified\u00bb max_width=\u00bb700px\u00bb module_alignment=\u00bbcenter\u00bb custom_margin=\u00bb|||\u00bb custom_padding=\u00bb7%|7%|7%|7%\u00bb animation_style=\u00bbslide\u00bb animation_direction=\u00bbbottom\u00bb animation_intensity_slide=\u00bb4%\u00bb animation_starting_opacity=\u00bb100%\u00bb] CRISTIAN MART\u00cdN This experienced dancer and [&hellip;]<\/p>\n","protected":false},"author":1,"featured_media":0,"parent":0,"menu_order":0,"comment_status":"closed","ping_status":"closed","template":"","meta":{"_et_pb_use_builder":"on","_et_pb_old_content":"","_et_gb_content_width":"","footnotes":""},"class_list":["post-524","page","type-page","status-publish","hentry"],"_links":{"self":[{"href":"http:\/\/cristianmartin.es\/index.php?rest_route=\/wp\/v2\/pages\/524","targetHints":{"allow":["GET"]}}],"collection":[{"href":"http:\/\/cristianmartin.es\/index.php?rest_route=\/wp\/v2\/pages"}],"about":[{"href":"http:\/\/cristianmartin.es\/index.php?rest_route=\/wp\/v2\/types\/page"}],"author":[{"embeddable":true,"href":"http:\/\/cristianmartin.es\/index.php?rest_route=\/wp\/v2\/users\/1"}],"replies":[{"embeddable":true,"href":"http:\/\/cristianmartin.es\/index.php?rest_route=%2Fwp%2Fv2%2Fcomments&post=524"}],"version-history":[{"count":4,"href":"http:\/\/cristianmartin.es\/index.php?rest_route=\/wp\/v2\/pages\/524\/revisions"}],"predecessor-version":[{"id":531,"href":"http:\/\/cristianmartin.es\/index.php?rest_route=\/wp\/v2\/pages\/524\/revisions\/531"}],"wp:attachment":[{"href":"http:\/\/cristianmartin.es\/index.php?rest_route=%2Fwp%2Fv2%2Fmedia&parent=524"}],"curies":[{"name":"wp","href":"https:\/\/api.w.org\/{rel}","templated":true}]}}